{"id":1228,"date":"2022-02-02T13:36:11","date_gmt":"2022-02-02T13:36:11","guid":{"rendered":"https:\/\/www.hotelplazacavana.com\/protocolo-hotel-seguro-covid-19\/"},"modified":"2024-02-20T12:12:36","modified_gmt":"2024-02-20T12:12:36","slug":"protocolo-hotel-seguro-covid-19","status":"publish","type":"page","link":"https:\/\/www.hotelplazacavana.com\/en\/protocolo-hotel-seguro-covid-19\/","title":{"rendered":"Protocolo hotel seguro COVID-19"},"content":{"rendered":"\t\t<div data-elementor-type=\"wp-page\" data-elementor-id=\"1228\" class=\"elementor elementor-1228 elementor-1216\">\n\t\t\t\t\t\t<section class=\"elementor-section elementor-top-section elementor-element elementor-element-7394d61 elementor-section-full_width elementor-section-height-default elementor-section-height-default\" data-id=\"7394d61\" data-element_type=\"section\" data-e-type=\"section\" data-settings=\"{&quot;background_background&quot;:&quot;classic&quot;}\">\n\t\t\t\t\t\t<div class=\"elementor-container elementor-column-gap-no\">\n\t\t\t\t\t<div class=\"elementor-column elementor-col-100 elementor-top-column elementor-element elementor-element-d029be3\" data-id=\"d029be3\" data-element_type=\"column\" data-e-type=\"column\" data-settings=\"{&quot;background_background&quot;:&quot;classic&quot;}\">\n\t\t\t<div class=\"elementor-widget-wrap elementor-element-populated\">\n\t\t\t\t\t\t<div class=\"elementor-element elementor-element-e6d26c8 elementor-widget elementor-widget-heading\" data-id=\"e6d26c8\" data-element_type=\"widget\" data-e-type=\"widget\" data-widget_type=\"heading.default\">\n\t\t\t\t\t<h2 class=\"elementor-heading-title elementor-size-default\">Protocolo Alojamiento Seguro Covid-19<\/h2>\t\t\t\t<\/div>\n\t\t\t\t<div class=\"elementor-element elementor-element-1314862 elementor-widget elementor-widget-heading\" data-id=\"1314862\" data-element_type=\"widget\" data-e-type=\"widget\" data-widget_type=\"heading.default\">\n\t\t\t\t\t<h3 class=\"elementor-heading-title elementor-size-default\">Nuestro establecimiento aplica el sistema integral para alojamientos ante el COVID-19\n\n<\/h3>\t\t\t\t<\/div>\n\t\t\t\t<div class=\"elementor-element elementor-element-cd03ef8 elementor-widget elementor-widget-image\" data-id=\"cd03ef8\" data-element_type=\"widget\" data-e-type=\"widget\" data-widget_type=\"image.default\">\n\t\t\t\t\t\t\t\t\t\t\t\t\t\t\t<img fetchpriority=\"high\" decoding=\"async\" width=\"800\" height=\"566\" src=\"https:\/\/www.hotelplazacavana.com\/wp-content\/uploads\/2022\/02\/Covid19-1024x724.jpg\" class=\"attachment-large size-large wp-image-1218\" alt=\"\" srcset=\"https:\/\/www.hotelplazacavana.com\/wp-content\/uploads\/2022\/02\/Covid19-1024x724.jpg 1024w, https:\/\/www.hotelplazacavana.com\/wp-content\/uploads\/2022\/02\/Covid19-300x212.jpg 300w, https:\/\/www.hotelplazacavana.com\/wp-content\/uploads\/2022\/02\/Covid19-768x543.jpg 768w, https:\/\/www.hotelplazacavana.com\/wp-content\/uploads\/2022\/02\/Covid19-1536x1086.jpg 1536w, https:\/\/www.hotelplazacavana.com\/wp-content\/uploads\/2022\/02\/Covid19.jpg 2048w\" sizes=\"(max-width: 800px) 100vw, 800px\" \/>\t\t\t\t\t\t\t\t\t\t\t\t\t\t\t<\/div>\n\t\t\t\t<div class=\"elementor-element elementor-element-9f496f5 elementor-widget elementor-widget-text-editor\" data-id=\"9f496f5\" data-element_type=\"widget\" data-e-type=\"widget\" data-widget_type=\"text-editor.default\">\n\t\t\t\t\t\t\t\t\t<p class=\"has-medium-font-size\"><strong>ACTUACI\u00d3N ANTE CASOS POSITIVOS<\/strong><\/p><p>Ante la m\u00ednima duda de que un cliente o empleado sufra s\u00edntomas compatibles con la enfermedad COVID-19, se debe comunicar esta situaci\u00f3n al establecimiento para que se aplique el protocolo especifico para ello.<\/p><p><strong>SI UN EMPLEADO TIENE S\u00cdNTOMAS:<\/strong><\/p><ul><li><strong>Deber\u00e1 mantenerse en aislamiento domiciliario hasta que los servicios sanitarios valoren su situaci\u00f3n y determinen las medidas a seguir.<\/strong><\/li><li><strong>Se proceder\u00e1 la desinfecci\u00f3n del puesto de trabajo y objetos en su entorno que pudieran ser compartidos con empleados<\/strong><\/li><li><strong>En caso de confirmarse el positivo, el establecimiento debe comunicar a los contactos m\u00e1s estrechos del riesgo de contagio y que deben permanecer en vigilancia activa de s\u00edntomas (tos, fiebre, dificultad respiratoria\u2026)<\/strong><\/li><\/ul><p><strong>SI UN CLIENTE TIENE S\u00cdNTOMAS:<\/strong><\/p><ul><li><strong>Solicitar su aislamiento en la habitaci\u00f3n hasta recibir Instrucciones por parte de los servicios sanitarios.<\/strong><\/li><li><strong>Asegurar que exista una valoraci\u00f3n m\u00e9dica respecto al posible caso de COVID-19<\/strong><\/li><li><strong>Mientras no haya confirmaci\u00f3n negativa, la persona quedar\u00e1 en aislamiento domiciliario y aplicar\u00e1 las normas establecidas por el Ministerio de Sanidad para aislamientos domiciliarios:<\/strong><\/li><li><strong>No salir de la habitaci\u00f3n<\/strong><\/li><li><strong>Extremar normas de higiene<\/strong><\/li><li><strong>Uso de mascarillas quir\u00fargicas en presencia de otras personas en la habitaci\u00f3n<\/strong><\/li><li><strong>Si es posible, bloquear la habitaci\u00f3n durante al menos una semana<\/strong><\/li><li><strong>Comunicar la situaci\u00f3n a los gu\u00edas en caso de que se trate de un viaje organizado<\/strong><\/li><li><strong>Facilitar atenci\u00f3n sanitaria (telef\u00f3nica o presencial) en la habitaci\u00f3n, en coordinaci\u00f3n con los gu\u00edas si procede.<\/strong><\/li><li><strong>Comunicar a todos los departamentos del hotel o alojamiento tur\u00edstico, especialmente los que puedan requerir acceder a la habitaci\u00f3n (limpieza, mantenimiento y restauraci\u00f3n\/room services), la situaci\u00f3n de aislamiento de la habitaci\u00f3n para que se apliquen los protocolos de actuaci\u00f3n.<\/strong><\/li><li><strong>En caso de confirmaci\u00f3n positiva, deber\u00e1 estudiarse la posibilidad de traslado del cliente a un centro hospitalario o domicilio particular en las condiciones de seguridad que establecen las autoridades sanitarias para estos casos de traslado. De no ser posible, se establecer\u00e1, en colaboraci\u00f3n con las autoridades sanitarias un protocolo de actuaci\u00f3n seg\u00fan el caso concreto.<\/strong><\/li><li><strong>Facilitar aquellos medios que el cliente pueda requerir en relaci\u00f3n con la enfermedad: term\u00f3metro corporal, medicaci\u00f3n\u2026<\/strong><\/li><li><strong>En todo caso recordamos que el establecimiento no tiene potestad para retener contra su voluntad a una persona en el establecimiento o en su habitaci\u00f3n. Si el cliente (confirmado o sospechoso de sufrir COVID-19) ya no est\u00e1 en el establecimiento.<br \/><br \/><\/strong><\/li><\/ul><p><strong>SERVICIOS DE LIMPIEZA, MANTENIMIENTO Y ALIMENTACI\u00d3N:<\/strong><\/p><ul><li><strong>Se desaconseja que ning\u00fan empleado acceda a las habitaciones afectadas, sea para tareas de limpieza o mantenimiento. En todo caso, deber\u00e1 existir un registro de todas las personas que entran o salen de la habitaci\u00f3n. Se facilitar\u00e1n los medios necesarios a los clientes (o cuidadores) para que se realicen las propias tareas de limpieza. Cuando se acceda a los alojamientos con personas contagiadas o sospechosas, se requerir\u00e1 que estas personas hagan uso de mascarillas.<\/strong><\/li><\/ul><p><strong>NORMAS PARA LA PERSONA ACOMPA\u00d1ANTE:<\/strong><\/p><p><strong>En caso de que la persona afectada conviva con otra persona en la misma unidad de alojamiento (acompa\u00f1ante), esta persona ser\u00e1 declarada \u201ccontacto estrecho\u201d y se aplicar\u00e1n las siguientes normas:<\/strong><\/p><p><strong>Este establecimiento aplica el sistema integral para alojamientos ante el COVID.19<\/strong><\/p><ul><li><strong>Si la habitaci\u00f3n no dispone de dormitorios y aseos separados, en la medida de lo posible se ofrecer\u00e1 una unidad de alojamiento alternativa a esa persona cuidadora, lo m\u00e1s cercana posible a la primera.<\/strong><\/li><li><strong>En la medida de lo posible, el acompa\u00f1ante deber\u00e1 permanecer autoaislada, Si sale, deber\u00e1 hacer uso de mascarilla.<\/strong><\/li><li><strong>Se facilitar\u00e1 al acompa\u00f1ante, en su idioma, las normas para el manejo domiciliario de COVID-19 del Ministerio de Sanidad.<\/strong><\/li><\/ul><figure class=\"wp-block-gallery columns-1 is-cropped\"><ul class=\"blocks-gallery-grid\"><li class=\"blocks-gallery-item\">\u00a0<\/li><\/ul><\/figure>\t\t\t\t\t\t\t\t<\/div>\n\t\t\t\t<div class=\"elementor-element elementor-element-7d33622 elementor-widget elementor-widget-image\" data-id=\"7d33622\" data-element_type=\"widget\" data-e-type=\"widget\" data-widget_type=\"image.default\">\n\t\t\t\t\t\t\t\t\t\t\t\t\t\t\t<img decoding=\"async\" width=\"740\" height=\"1024\" src=\"https:\/\/www.hotelplazacavana.com\/wp-content\/uploads\/2022\/02\/sello-A29251600-3632-1038x1437-1-740x1024.jpg\" class=\"attachment-large size-large wp-image-1220\" alt=\"\" srcset=\"https:\/\/www.hotelplazacavana.com\/wp-content\/uploads\/2022\/02\/sello-A29251600-3632-1038x1437-1-740x1024.jpg 740w, https:\/\/www.hotelplazacavana.com\/wp-content\/uploads\/2022\/02\/sello-A29251600-3632-1038x1437-1-217x300.jpg 217w, https:\/\/www.hotelplazacavana.com\/wp-content\/uploads\/2022\/02\/sello-A29251600-3632-1038x1437-1-768x1063.jpg 768w, https:\/\/www.hotelplazacavana.com\/wp-content\/uploads\/2022\/02\/sello-A29251600-3632-1038x1437-1.jpg 1038w\" sizes=\"(max-width: 740px) 100vw, 740px\" \/>\t\t\t\t\t\t\t\t\t\t\t\t\t\t\t<\/div>\n\t\t\t\t\t<\/div>\n\t\t<\/div>\n\t\t\t\t\t<\/div>\n\t\t<\/section>\n\t\t\t\t<\/div>\n\t\t","protected":false},"excerpt":{"rendered":"<p>Protocolo Alojamiento Seguro Covid-19 Nuestro establecimiento aplica el sistema integral para alojamientos ante el COVID-19 ACTUACI\u00d3N ANTE CASOS POSITIVOS Ante la m\u00ednima duda de que un cliente o empleado sufra s\u00edntomas compatibles con la enfermedad COVID-19, se debe comunicar esta situaci\u00f3n al establecimiento para que se aplique el protocolo especifico para ello. SI UN EMPLEADO [&hellip;]<\/p>\n","protected":false},"author":1,"featured_media":0,"parent":0,"menu_order":0,"comment_status":"closed","ping_status":"closed","template":"","meta":{"footnotes":""},"class_list":["post-1228","page","type-page","status-publish","hentry"],"yoast_head":"<!-- This site is optimized with the Yoast SEO plugin v26.6 - https:\/\/yoast.com\/wordpress\/plugins\/seo\/ -->\n<title>Protocolo hotel seguro COVID-19 - Hotel Plaza Cavana - Nerja<\/title>\n<meta name=\"robots\" content=\"index, follow, max-snippet:-1, max-image-preview:large, max-video-preview:-1\" \/>\n<link rel=\"canonical\" href=\"https:\/\/www.hotelplazacavana.com\/en\/protocolo-hotel-seguro-covid-19\/\" \/>\n<meta property=\"og:locale\" content=\"en_US\" \/>\n<meta property=\"og:type\" content=\"article\" \/>\n<meta property=\"og:title\" content=\"Protocolo hotel seguro COVID-19 - Hotel Plaza Cavana - Nerja\" \/>\n<meta property=\"og:description\" content=\"Protocolo Alojamiento Seguro Covid-19 Nuestro establecimiento aplica el sistema integral para alojamientos ante el COVID-19 ACTUACI\u00d3N ANTE CASOS POSITIVOS Ante la m\u00ednima duda de que un cliente o empleado sufra s\u00edntomas compatibles con la enfermedad COVID-19, se debe comunicar esta situaci\u00f3n al establecimiento para que se aplique el protocolo especifico para ello. SI UN EMPLEADO [&hellip;]\" \/>\n<meta property=\"og:url\" content=\"https:\/\/www.hotelplazacavana.com\/en\/protocolo-hotel-seguro-covid-19\/\" \/>\n<meta property=\"og:site_name\" content=\"Hotel Plaza Cavana - Nerja\" \/>\n<meta property=\"article:publisher\" content=\"https:\/\/www.facebook.com\/hotelplazacavana\" \/>\n<meta property=\"article:modified_time\" content=\"2024-02-20T12:12:36+00:00\" \/>\n<meta property=\"og:image\" content=\"https:\/\/www.hotelplazacavana.com\/wp-content\/uploads\/2022\/02\/Covid19-1024x724.jpg\" \/>\n<meta name=\"twitter:card\" content=\"summary_large_image\" \/>\n<meta name=\"twitter:label1\" content=\"Est. reading time\" \/>\n\t<meta name=\"twitter:data1\" content=\"3 minutes\" \/>\n<script type=\"application\/ld+json\" class=\"yoast-schema-graph\">{\"@context\":\"https:\/\/schema.org\",\"@graph\":[{\"@type\":\"WebPage\",\"@id\":\"https:\/\/www.hotelplazacavana.com\/en\/protocolo-hotel-seguro-covid-19\/\",\"url\":\"https:\/\/www.hotelplazacavana.com\/en\/protocolo-hotel-seguro-covid-19\/\",\"name\":\"Protocolo hotel seguro COVID-19 - Hotel Plaza Cavana - Nerja\",\"isPartOf\":{\"@id\":\"https:\/\/www.hotelplazacavana.com\/#website\"},\"primaryImageOfPage\":{\"@id\":\"https:\/\/www.hotelplazacavana.com\/en\/protocolo-hotel-seguro-covid-19\/#primaryimage\"},\"image\":{\"@id\":\"https:\/\/www.hotelplazacavana.com\/en\/protocolo-hotel-seguro-covid-19\/#primaryimage\"},\"thumbnailUrl\":\"https:\/\/www.hotelplazacavana.com\/wp-content\/uploads\/2022\/02\/Covid19-1024x724.jpg\",\"datePublished\":\"2022-02-02T13:36:11+00:00\",\"dateModified\":\"2024-02-20T12:12:36+00:00\",\"breadcrumb\":{\"@id\":\"https:\/\/www.hotelplazacavana.com\/en\/protocolo-hotel-seguro-covid-19\/#breadcrumb\"},\"inLanguage\":\"en-US\",\"potentialAction\":[{\"@type\":\"ReadAction\",\"target\":[\"https:\/\/www.hotelplazacavana.com\/en\/protocolo-hotel-seguro-covid-19\/\"]}]},{\"@type\":\"ImageObject\",\"inLanguage\":\"en-US\",\"@id\":\"https:\/\/www.hotelplazacavana.com\/en\/protocolo-hotel-seguro-covid-19\/#primaryimage\",\"url\":\"https:\/\/www.hotelplazacavana.com\/wp-content\/uploads\/2022\/02\/Covid19-1024x724.jpg\",\"contentUrl\":\"https:\/\/www.hotelplazacavana.com\/wp-content\/uploads\/2022\/02\/Covid19-1024x724.jpg\"},{\"@type\":\"BreadcrumbList\",\"@id\":\"https:\/\/www.hotelplazacavana.com\/en\/protocolo-hotel-seguro-covid-19\/#breadcrumb\",\"itemListElement\":[{\"@type\":\"ListItem\",\"position\":1,\"name\":\"Portada\",\"item\":\"https:\/\/www.hotelplazacavana.com\/en\/\"},{\"@type\":\"ListItem\",\"position\":2,\"name\":\"Protocolo hotel seguro COVID-19\"}]},{\"@type\":\"WebSite\",\"@id\":\"https:\/\/www.hotelplazacavana.com\/#website\",\"url\":\"https:\/\/www.hotelplazacavana.com\/\",\"name\":\"Hotel Plaza Cavana - Nerja\",\"description\":\"Estad\u00eda en el coraz\u00f3n de Nerja\",\"publisher\":{\"@id\":\"https:\/\/www.hotelplazacavana.com\/#organization\"},\"potentialAction\":[{\"@type\":\"SearchAction\",\"target\":{\"@type\":\"EntryPoint\",\"urlTemplate\":\"https:\/\/www.hotelplazacavana.com\/?s={search_term_string}\"},\"query-input\":{\"@type\":\"PropertyValueSpecification\",\"valueRequired\":true,\"valueName\":\"search_term_string\"}}],\"inLanguage\":\"en-US\"},{\"@type\":\"Organization\",\"@id\":\"https:\/\/www.hotelplazacavana.com\/#organization\",\"name\":\"Hotel Plaza Cavana - Nerja\",\"url\":\"https:\/\/www.hotelplazacavana.com\/\",\"logo\":{\"@type\":\"ImageObject\",\"inLanguage\":\"en-US\",\"@id\":\"https:\/\/www.hotelplazacavana.com\/#\/schema\/logo\/image\/\",\"url\":\"https:\/\/www.hotelplazacavana.com\/wp-content\/uploads\/2024\/02\/HotalPlazaCavana.jpg\",\"contentUrl\":\"https:\/\/www.hotelplazacavana.com\/wp-content\/uploads\/2024\/02\/HotalPlazaCavana.jpg\",\"width\":512,\"height\":512,\"caption\":\"Hotel Plaza Cavana - Nerja\"},\"image\":{\"@id\":\"https:\/\/www.hotelplazacavana.com\/#\/schema\/logo\/image\/\"},\"sameAs\":[\"https:\/\/www.facebook.com\/hotelplazacavana\"]}]}<\/script>\n<!-- \/ Yoast SEO plugin. -->","yoast_head_json":{"title":"Protocolo hotel seguro COVID-19 - Hotel Plaza Cavana - Nerja","robots":{"index":"index","follow":"follow","max-snippet":"max-snippet:-1","max-image-preview":"max-image-preview:large","max-video-preview":"max-video-preview:-1"},"canonical":"https:\/\/www.hotelplazacavana.com\/en\/protocolo-hotel-seguro-covid-19\/","og_locale":"en_US","og_type":"article","og_title":"Protocolo hotel seguro COVID-19 - Hotel Plaza Cavana - Nerja","og_description":"Protocolo Alojamiento Seguro Covid-19 Nuestro establecimiento aplica el sistema integral para alojamientos ante el COVID-19 ACTUACI\u00d3N ANTE CASOS POSITIVOS Ante la m\u00ednima duda de que un cliente o empleado sufra s\u00edntomas compatibles con la enfermedad COVID-19, se debe comunicar esta situaci\u00f3n al establecimiento para que se aplique el protocolo especifico para ello. SI UN EMPLEADO [&hellip;]","og_url":"https:\/\/www.hotelplazacavana.com\/en\/protocolo-hotel-seguro-covid-19\/","og_site_name":"Hotel Plaza Cavana - Nerja","article_publisher":"https:\/\/www.facebook.com\/hotelplazacavana","article_modified_time":"2024-02-20T12:12:36+00:00","og_image":[{"url":"https:\/\/www.hotelplazacavana.com\/wp-content\/uploads\/2022\/02\/Covid19-1024x724.jpg","type":"","width":"","height":""}],"twitter_card":"summary_large_image","twitter_misc":{"Est. reading time":"3 minutes"},"schema":{"@context":"https:\/\/schema.org","@graph":[{"@type":"WebPage","@id":"https:\/\/www.hotelplazacavana.com\/en\/protocolo-hotel-seguro-covid-19\/","url":"https:\/\/www.hotelplazacavana.com\/en\/protocolo-hotel-seguro-covid-19\/","name":"Protocolo hotel seguro COVID-19 - Hotel Plaza Cavana - Nerja","isPartOf":{"@id":"https:\/\/www.hotelplazacavana.com\/#website"},"primaryImageOfPage":{"@id":"https:\/\/www.hotelplazacavana.com\/en\/protocolo-hotel-seguro-covid-19\/#primaryimage"},"image":{"@id":"https:\/\/www.hotelplazacavana.com\/en\/protocolo-hotel-seguro-covid-19\/#primaryimage"},"thumbnailUrl":"https:\/\/www.hotelplazacavana.com\/wp-content\/uploads\/2022\/02\/Covid19-1024x724.jpg","datePublished":"2022-02-02T13:36:11+00:00","dateModified":"2024-02-20T12:12:36+00:00","breadcrumb":{"@id":"https:\/\/www.hotelplazacavana.com\/en\/protocolo-hotel-seguro-covid-19\/#breadcrumb"},"inLanguage":"en-US","potentialAction":[{"@type":"ReadAction","target":["https:\/\/www.hotelplazacavana.com\/en\/protocolo-hotel-seguro-covid-19\/"]}]},{"@type":"ImageObject","inLanguage":"en-US","@id":"https:\/\/www.hotelplazacavana.com\/en\/protocolo-hotel-seguro-covid-19\/#primaryimage","url":"https:\/\/www.hotelplazacavana.com\/wp-content\/uploads\/2022\/02\/Covid19-1024x724.jpg","contentUrl":"https:\/\/www.hotelplazacavana.com\/wp-content\/uploads\/2022\/02\/Covid19-1024x724.jpg"},{"@type":"BreadcrumbList","@id":"https:\/\/www.hotelplazacavana.com\/en\/protocolo-hotel-seguro-covid-19\/#breadcrumb","itemListElement":[{"@type":"ListItem","position":1,"name":"Portada","item":"https:\/\/www.hotelplazacavana.com\/en\/"},{"@type":"ListItem","position":2,"name":"Protocolo hotel seguro COVID-19"}]},{"@type":"WebSite","@id":"https:\/\/www.hotelplazacavana.com\/#website","url":"https:\/\/www.hotelplazacavana.com\/","name":"Hotel Plaza Cavana - Nerja","description":"Estad\u00eda en el coraz\u00f3n de Nerja","publisher":{"@id":"https:\/\/www.hotelplazacavana.com\/#organization"},"potentialAction":[{"@type":"SearchAction","target":{"@type":"EntryPoint","urlTemplate":"https:\/\/www.hotelplazacavana.com\/?s={search_term_string}"},"query-input":{"@type":"PropertyValueSpecification","valueRequired":true,"valueName":"search_term_string"}}],"inLanguage":"en-US"},{"@type":"Organization","@id":"https:\/\/www.hotelplazacavana.com\/#organization","name":"Hotel Plaza Cavana - Nerja","url":"https:\/\/www.hotelplazacavana.com\/","logo":{"@type":"ImageObject","inLanguage":"en-US","@id":"https:\/\/www.hotelplazacavana.com\/#\/schema\/logo\/image\/","url":"https:\/\/www.hotelplazacavana.com\/wp-content\/uploads\/2024\/02\/HotalPlazaCavana.jpg","contentUrl":"https:\/\/www.hotelplazacavana.com\/wp-content\/uploads\/2024\/02\/HotalPlazaCavana.jpg","width":512,"height":512,"caption":"Hotel Plaza Cavana - Nerja"},"image":{"@id":"https:\/\/www.hotelplazacavana.com\/#\/schema\/logo\/image\/"},"sameAs":["https:\/\/www.facebook.com\/hotelplazacavana"]}]}},"_links":{"self":[{"href":"https:\/\/www.hotelplazacavana.com\/en\/wp-json\/wp\/v2\/pages\/1228","targetHints":{"allow":["GET"]}}],"collection":[{"href":"https:\/\/www.hotelplazacavana.com\/en\/wp-json\/wp\/v2\/pages"}],"about":[{"href":"https:\/\/www.hotelplazacavana.com\/en\/wp-json\/wp\/v2\/types\/page"}],"author":[{"embeddable":true,"href":"https:\/\/www.hotelplazacavana.com\/en\/wp-json\/wp\/v2\/users\/1"}],"replies":[{"embeddable":true,"href":"https:\/\/www.hotelplazacavana.com\/en\/wp-json\/wp\/v2\/comments?post=1228"}],"version-history":[{"count":8,"href":"https:\/\/www.hotelplazacavana.com\/en\/wp-json\/wp\/v2\/pages\/1228\/revisions"}],"predecessor-version":[{"id":2708,"href":"https:\/\/www.hotelplazacavana.com\/en\/wp-json\/wp\/v2\/pages\/1228\/revisions\/2708"}],"wp:attachment":[{"href":"https:\/\/www.hotelplazacavana.com\/en\/wp-json\/wp\/v2\/media?parent=1228"}],"curies":[{"name":"wp","href":"https:\/\/api.w.org\/{rel}","templated":true}]}}